    {"id":14233,"date":"2025-06-23T12:27:31","date_gmt":"2025-06-23T11:27:31","guid":{"rendered":"https:\/\/rymec1dev.wpenginepowered.com\/home\/"},"modified":"2025-09-12T14:50:21","modified_gmt":"2025-09-12T13:50:21","slug":"home","status":"publish","type":"page","link":"https:\/\/rymec.com\/cs\/","title":{"rendered":"Home"},"content":{"rendered":"","protected":false},"excerpt":{"rendered":"","protected":false},"author":26,"featured_media":0,"parent":0,"menu_order":10,"comment_status":"closed","ping_status":"closed","template":"full-width.php","meta":{"_acf_changed":false,"footnotes":""},"categories":[],"tags":[],"class_list":["post-14233","page","type-page","status-publish","hentry"],"acf":[],"yoast_head":"<!-- This site is optimized with the Yoast SEO plugin v27.4 - https:\/\/yoast.com\/product\/yoast-seo-wordpress\/ -->\n<title>RYMEC<\/title>\n<meta name=\"description\" content=\"TGL je jedn\u00edm z nejv\u011bt\u0161\u00edch nez\u00e1visl\u00fdch distributor\u016f spojkov\u00fdch a p\u0159evodov\u00fdch komponent\u016f na sv\u011bt\u011b, kter\u00fd dod\u00e1v\u00e1 p\u0159edn\u00edm zna\u010dk\u00e1m na trhu s n\u00e1hradn\u00edmi d\u00edly.\" \/>\n<meta name=\"robots\" content=\"index, follow, max-snippet:-1, max-image-preview:large, max-video-preview:-1\" \/>\n<link rel=\"canonical\" href=\"https:\/\/rymec.com\/cs\/\" \/>\n<meta property=\"og:locale\" content=\"cs_CZ\" \/>\n<meta property=\"og:type\" content=\"article\" \/>\n<meta property=\"og:title\" content=\"RYMEC\" \/>\n<meta property=\"og:description\" content=\"TGL je jedn\u00edm z nejv\u011bt\u0161\u00edch nez\u00e1visl\u00fdch distributor\u016f spojkov\u00fdch a p\u0159evodov\u00fdch komponent\u016f na sv\u011bt\u011b, kter\u00fd dod\u00e1v\u00e1 p\u0159edn\u00edm zna\u010dk\u00e1m na trhu s n\u00e1hradn\u00edmi d\u00edly.\" \/>\n<meta property=\"og:url\" content=\"https:\/\/rymec.com\/cs\/\" \/>\n<meta property=\"og:site_name\" content=\"RYMEC\" \/>\n<meta property=\"article:publisher\" content=\"https:\/\/www.facebook.com\/pages\/The-Tibbetts-Group-Ltd\/135209886514257\" \/>\n<meta property=\"article:modified_time\" content=\"2025-09-12T13:50:21+00:00\" \/>\n<meta name=\"twitter:card\" content=\"summary_large_image\" \/>\n<meta name=\"twitter:site\" content=\"@Tibbetts_Group\" \/>\n<script type=\"application\/ld+json\" class=\"yoast-schema-graph\">{\"@context\":\"https:\\\/\\\/schema.org\",\"@graph\":[{\"@type\":\"WebPage\",\"@id\":\"https:\\\/\\\/rymec.com\\\/cs\\\/\",\"url\":\"https:\\\/\\\/rymec.com\\\/cs\\\/\",\"name\":\"RYMEC\",\"isPartOf\":{\"@id\":\"https:\\\/\\\/rymec.com\\\/cs\\\/#website\"},\"datePublished\":\"2025-06-23T11:27:31+00:00\",\"dateModified\":\"2025-09-12T13:50:21+00:00\",\"description\":\"TGL je jedn\u00edm z nejv\u011bt\u0161\u00edch nez\u00e1visl\u00fdch distributor\u016f spojkov\u00fdch a p\u0159evodov\u00fdch komponent\u016f na sv\u011bt\u011b, kter\u00fd dod\u00e1v\u00e1 p\u0159edn\u00edm zna\u010dk\u00e1m na trhu s n\u00e1hradn\u00edmi d\u00edly.\",\"breadcrumb\":{\"@id\":\"https:\\\/\\\/rymec.com\\\/cs\\\/#breadcrumb\"},\"inLanguage\":\"cs-CZ\",\"potentialAction\":[{\"@type\":\"ReadAction\",\"target\":[\"https:\\\/\\\/rymec.com\\\/cs\\\/\"]}]},{\"@type\":\"BreadcrumbList\",\"@id\":\"https:\\\/\\\/rymec.com\\\/cs\\\/#breadcrumb\",\"itemListElement\":[{\"@type\":\"ListItem\",\"position\":1,\"name\":\"Home\",\"item\":\"https:\\\/\\\/rymec.com\\\/cs\\\/\"},{\"@type\":\"ListItem\",\"position\":2,\"name\":\"Home\"}]},{\"@type\":\"WebSite\",\"@id\":\"https:\\\/\\\/rymec.com\\\/cs\\\/#website\",\"url\":\"https:\\\/\\\/rymec.com\\\/cs\\\/\",\"name\":\"Tibbetts Group\",\"description\":\"\",\"publisher\":{\"@id\":\"https:\\\/\\\/rymec.com\\\/cs\\\/#organization\"},\"potentialAction\":[{\"@type\":\"SearchAction\",\"target\":{\"@type\":\"EntryPoint\",\"urlTemplate\":\"https:\\\/\\\/rymec.com\\\/cs\\\/?s={search_term_string}\"},\"query-input\":{\"@type\":\"PropertyValueSpecification\",\"valueRequired\":true,\"valueName\":\"search_term_string\"}}],\"inLanguage\":\"cs-CZ\"},{\"@type\":\"Organization\",\"@id\":\"https:\\\/\\\/rymec.com\\\/cs\\\/#organization\",\"name\":\"Tibbetts Group\",\"url\":\"https:\\\/\\\/rymec.com\\\/cs\\\/\",\"logo\":{\"@type\":\"ImageObject\",\"inLanguage\":\"cs-CZ\",\"@id\":\"https:\\\/\\\/rymec.com\\\/cs\\\/#\\\/schema\\\/logo\\\/image\\\/\",\"url\":\"\",\"contentUrl\":\"\",\"caption\":\"Tibbetts Group\"},\"image\":{\"@id\":\"https:\\\/\\\/rymec.com\\\/cs\\\/#\\\/schema\\\/logo\\\/image\\\/\"},\"sameAs\":[\"https:\\\/\\\/www.facebook.com\\\/pages\\\/The-Tibbetts-Group-Ltd\\\/135209886514257\",\"https:\\\/\\\/x.com\\\/Tibbetts_Group\",\"https:\\\/\\\/www.linkedin.com\\\/company\\\/the-tibbetts-group-limited\"]}]}<\/script>\n<!-- \/ Yoast SEO plugin. -->","yoast_head_json":{"title":"RYMEC","description":"TGL je jedn\u00edm z nejv\u011bt\u0161\u00edch nez\u00e1visl\u00fdch distributor\u016f spojkov\u00fdch a p\u0159evodov\u00fdch komponent\u016f na sv\u011bt\u011b, kter\u00fd dod\u00e1v\u00e1 p\u0159edn\u00edm zna\u010dk\u00e1m na trhu s n\u00e1hradn\u00edmi d\u00edly.","robots":{"index":"index","follow":"follow","max-snippet":"max-snippet:-1","max-image-preview":"max-image-preview:large","max-video-preview":"max-video-preview:-1"},"canonical":"https:\/\/rymec.com\/cs\/","og_locale":"cs_CZ","og_type":"article","og_title":"RYMEC","og_description":"TGL je jedn\u00edm z nejv\u011bt\u0161\u00edch nez\u00e1visl\u00fdch distributor\u016f spojkov\u00fdch a p\u0159evodov\u00fdch komponent\u016f na sv\u011bt\u011b, kter\u00fd dod\u00e1v\u00e1 p\u0159edn\u00edm zna\u010dk\u00e1m na trhu s n\u00e1hradn\u00edmi d\u00edly.","og_url":"https:\/\/rymec.com\/cs\/","og_site_name":"RYMEC","article_publisher":"https:\/\/www.facebook.com\/pages\/The-Tibbetts-Group-Ltd\/135209886514257","article_modified_time":"2025-09-12T13:50:21+00:00","twitter_card":"summary_large_image","twitter_site":"@Tibbetts_Group","schema":{"@context":"https:\/\/schema.org","@graph":[{"@type":"WebPage","@id":"https:\/\/rymec.com\/cs\/","url":"https:\/\/rymec.com\/cs\/","name":"RYMEC","isPartOf":{"@id":"https:\/\/rymec.com\/cs\/#website"},"datePublished":"2025-06-23T11:27:31+00:00","dateModified":"2025-09-12T13:50:21+00:00","description":"TGL je jedn\u00edm z nejv\u011bt\u0161\u00edch nez\u00e1visl\u00fdch distributor\u016f spojkov\u00fdch a p\u0159evodov\u00fdch komponent\u016f na sv\u011bt\u011b, kter\u00fd dod\u00e1v\u00e1 p\u0159edn\u00edm zna\u010dk\u00e1m na trhu s n\u00e1hradn\u00edmi d\u00edly.","breadcrumb":{"@id":"https:\/\/rymec.com\/cs\/#breadcrumb"},"inLanguage":"cs-CZ","potentialAction":[{"@type":"ReadAction","target":["https:\/\/rymec.com\/cs\/"]}]},{"@type":"BreadcrumbList","@id":"https:\/\/rymec.com\/cs\/#breadcrumb","itemListElement":[{"@type":"ListItem","position":1,"name":"Home","item":"https:\/\/rymec.com\/cs\/"},{"@type":"ListItem","position":2,"name":"Home"}]},{"@type":"WebSite","@id":"https:\/\/rymec.com\/cs\/#website","url":"https:\/\/rymec.com\/cs\/","name":"Tibbetts Group","description":"","publisher":{"@id":"https:\/\/rymec.com\/cs\/#organization"},"potentialAction":[{"@type":"SearchAction","target":{"@type":"EntryPoint","urlTemplate":"https:\/\/rymec.com\/cs\/?s={search_term_string}"},"query-input":{"@type":"PropertyValueSpecification","valueRequired":true,"valueName":"search_term_string"}}],"inLanguage":"cs-CZ"},{"@type":"Organization","@id":"https:\/\/rymec.com\/cs\/#organization","name":"Tibbetts Group","url":"https:\/\/rymec.com\/cs\/","logo":{"@type":"ImageObject","inLanguage":"cs-CZ","@id":"https:\/\/rymec.com\/cs\/#\/schema\/logo\/image\/","url":"","contentUrl":"","caption":"Tibbetts Group"},"image":{"@id":"https:\/\/rymec.com\/cs\/#\/schema\/logo\/image\/"},"sameAs":["https:\/\/www.facebook.com\/pages\/The-Tibbetts-Group-Ltd\/135209886514257","https:\/\/x.com\/Tibbetts_Group","https:\/\/www.linkedin.com\/company\/the-tibbetts-group-limited"]}]}},"_links":{"self":[{"href":"https:\/\/rymec.com\/cs\/wp-json\/wp\/v2\/pages\/14233","targetHints":{"allow":["GET"]}}],"collection":[{"href":"https:\/\/rymec.com\/cs\/wp-json\/wp\/v2\/pages"}],"about":[{"href":"https:\/\/rymec.com\/cs\/wp-json\/wp\/v2\/types\/page"}],"author":[{"embeddable":true,"href":"https:\/\/rymec.com\/cs\/wp-json\/wp\/v2\/users\/26"}],"replies":[{"embeddable":true,"href":"https:\/\/rymec.com\/cs\/wp-json\/wp\/v2\/comments?post=14233"}],"version-history":[{"count":0,"href":"https:\/\/rymec.com\/cs\/wp-json\/wp\/v2\/pages\/14233\/revisions"}],"wp:attachment":[{"href":"https:\/\/rymec.com\/cs\/wp-json\/wp\/v2\/media?parent=14233"}],"wp:term":[{"taxonomy":"category","embeddable":true,"href":"https:\/\/rymec.com\/cs\/wp-json\/wp\/v2\/categories?post=14233"},{"taxonomy":"post_tag","embeddable":true,"href":"https:\/\/rymec.com\/cs\/wp-json\/wp\/v2\/tags?post=14233"}],"curies":[{"name":"wp","href":"https:\/\/api.w.org\/{rel}","templated":true}]}}